{"id":879,"date":"2016-01-27T11:19:01","date_gmt":"2016-01-27T10:19:01","guid":{"rendered":"http:\/\/www.pupin.rs\/cirnt\/?page_id=879"},"modified":"2025-12-25T13:49:19","modified_gmt":"2025-12-25T12:49:19","slug":"publications","status":"publish","type":"page","link":"https:\/\/www.pupin.rs\/cirnt\/publications\/","title":{"rendered":"Publications"},"content":{"rendered":"<p><strong>\u0110uro Kutla\u010da, Lazar \u017divkovi\u0107, Dijana \u0160trbac, Du\u0161ica Semen\u010denko, Sanja Popovi\u0107-Panti\u0107: <\/strong>ICT Case Study in Serbia: Report on the innovation potential of the software industry in Serbia, Publisher: Institut Mihajlo Pupin, Science and Technology Policy Research Center, Belgrade, 2018<br \/>\n<a href=\"http:\/\/www.pupin.rs\/cirnt\/wp-content\/uploads\/2018\/06\/ICT-case-study-report.pdf\">More information <img loading=\"lazy\" decoding=\"async\" src=\"http:\/\/www.pupin.rs\/cirnt\/wp-content\/uploads\/2012\/12\/pdf1.png\" alt=\"pdf\" width=\"16\" height=\"16\" \/><\/a><\/p>\n<p><strong>Du\u0161ica Semen\u010denko, \u0110uro Kutla\u010da:<\/strong> Shaping National Innovation System in Small, Transitional Economy-Case of Serbia, Publisher: Institut Mihajlo Pupin , Science and Technology Policy Research Center, Belgrade, 2018. ISBN: 978-86-82183-16-7<br \/>\n<a href=\"http:\/\/www.pupin.rs\/cirnt\/wp-content\/uploads\/2018\/05\/Shaping-National-Innovation-System-in-Serbia-ff.pdf\">More information <img loading=\"lazy\" decoding=\"async\" src=\"http:\/\/www.pupin.rs\/cirnt\/wp-content\/uploads\/2012\/12\/pdf1.png\" alt=\"pdf\" width=\"16\" height=\"16\" \/><\/a><\/p>\n<p><strong>\u0110uro Kutla\u010da, Du\u0161ica Semen\u010denko:<\/strong> National innovation system in Serbia: past, present, future, Publisher: Institut Mihajlo Pupin , Science and Technology Policy Research Center, Belgrade, 2015. ISBN: 979-86-82183-14-3<br \/>\n<a href=\"http:\/\/www.pupin.rs\/cirnt\/wp-content\/uploads\/2012\/12\/NIS2-P1-color.pdf\">More information <img loading=\"lazy\" decoding=\"async\" src=\"http:\/\/www.pupin.rs\/cirnt\/wp-content\/uploads\/2012\/12\/pdf1.png\" alt=\"pdf\" width=\"16\" height=\"16\" \/><\/a><\/p>\n<p><strong>\u0110uro Kutla\u010da, Du\u0161ica Semen\u010denko:<\/strong> Concept of the national innovation system, Publisher: Institut Mihajlo Pupin , Science and Technology Policy Research Center, Belgrade, 2005. ISBN 86-82183-04-8<br \/>\n<a href=\"http:\/\/www.pupin.rs\/cirnt\/wp-content\/uploads\/2012\/12\/NIS-Knjiga-f.pdf\">More information <img loading=\"lazy\" decoding=\"async\" src=\"http:\/\/www.pupin.rs\/cirnt\/wp-content\/uploads\/2012\/12\/pdf1.png\" alt=\"pdf\" width=\"16\" height=\"16\" \/><\/a><\/p>\n<p><strong>Du\u0161ica Semen\u010denko<\/strong>: Factors in modeling of the national innovation system, Publisher: Institut Mihajlo Pupin,\u00a0 Belgrade, 2009. UDK 005.591.6(497.11)\u00a0 001.896:62 (497.11),\u00a0 9 ISBN 78-86-82183-10-5,\u00a0 COBISS.SR\u2013ID 171550732<br \/>\n<a href=\"http:\/\/www.pupin.rs\/cirnt\/wp-content\/zbornici\/Faktori_u_izgradnjiNIS.pdf\">More information <img loading=\"lazy\" decoding=\"async\" src=\"http:\/\/www.pupin.rs\/cirnt\/wp-content\/uploads\/2012\/12\/pdf1.png\" alt=\"pdf\" width=\"16\" height=\"16\" \/><\/a><\/p>\n<p><strong>Slavica Joveti\u0107, Nenad Stani\u0161i\u0107, Du\u0161ica Semen\u010denko Marija Mosurovi\u0107<\/strong>:\u00a0 <span id=\"result_box\" class=\"\" lang=\"en\"><span class=\"hps\">Measuring the quality of<\/span> <span class=\"hps\">teaching and<\/span> <span class=\"hps\">educational process<\/span> <span class=\"hps\">at universities<\/span><\/span>,\u00a0 Publisher: Institut Mihajlo Pupin, Belgrade, 2011. UDK 006.83.06:378.4(497.11) 005.6:378.4(497.11) ISBN 978-86-82183-09-9 COBISS.SR-ID 184563468<br \/>\n<a href=\"http:\/\/www.pupin.rs\/cirnt\/wp-content\/zbornici\/MerenjeKvaliteta.pdf\" target=\"_blank\" rel=\"noopener noreferrer\">More information <img loading=\"lazy\" decoding=\"async\" class=\"alignnone size-full wp-image-496\" src=\"http:\/\/www.pupin.rs\/cirnt\/wp-content\/uploads\/2012\/12\/pdf1.png\" alt=\"pdf\" width=\"16\" height=\"16\" \/><\/a><\/p>\n<p><strong>\u0110uro Kutla\u010da, Du\u0161ica Semen\u010denko, Viktor Nedovi\u0107, Jelena Koli\u0107<\/strong>:\u00a0 D<span id=\"result_box\" class=\"\" lang=\"en\"><span class=\"hps\">evelopment of<\/span> <span class=\"hps\">Serbian<\/span> <span class=\"hps\">science in<\/span> <span class=\"hps\">terms of European<\/span> <span class=\"hps\">integration<\/span><\/span>, Publisher: Zavod za izdavanje ud\u017ebenika, Beograd i FEFA, Belgrade, 2011. 001(497.11)\"1980\/2010\"(083.41) 001.892:336(497.11) 316.422.44(497.11)\"2010\/2015\" 978-86-86281-15-9 978-86-86281-15-9<br \/>\n<a href=\"http:\/\/www.fefa.edu.rs\/sr\/o-fakultetu\/izdavastvo\/knjige\" target=\"_blank\" rel=\"noopener noreferrer\">More information <\/a><\/p>\n<p><strong>Mr Marija Mosurovi\u0107 Ru\u017ei\u010di\u0107<\/strong>: Organization and innovations, Publisher: Institut Mihajlo Pupin, Science and Technology Policy Research Center, Belgrade, 2012, ISBN 978-86-82183-13-6<br \/>\n<a href=\"http:\/\/www.pupin.rs\/cirnt\/wp-content\/uploads\/2012\/12\/Marija-Mosurovic-Ruzicic-Monografija-Organizacija-i-inovacije_B5.pdf\" target=\"_blank\" rel=\"noopener noreferrer\">More information <img loading=\"lazy\" decoding=\"async\" src=\"http:\/\/www.pupin.rs\/cirnt\/wp-content\/uploads\/2012\/12\/pdf1.png\" alt=\"pdf\" width=\"16\" height=\"16\" \/><\/a><\/p>\n<p><span id=\"result_box\" class=\"\" lang=\"en\"><span class=\"hps\">Guide<\/span> <span class=\"hps alt-edited\">for navigation<\/span> <span class=\"hps alt-edited\">on the labor market<\/span> <span class=\"hps\">in the privatization process<\/span><\/span>, editor <strong>mr Sanja Popovi\u0107-Panti\u0107<\/strong>, Publishers <span id=\"result_box\" class=\"short_text\" lang=\"en\"><span class=\"hps alt-edited\">Association of Business Women<\/span><\/span> and Institut Mihajlo Pupin, Belgrade, 2008, ISBN 978-86-910351-1-2<\/p>\n<p><strong>Dr Vladan Batanovi\u0107, dr \u0110uro Kutla\u010da, mr Aleksandar \u0160enborn, mr Sanja Popovi\u0107-Panti\u0107<\/strong>: Benchmarking of the organisation and control of toll collection systems on highways, Publisher: Institut Mihajlo Pupin, Belgrade, 2007, ISBN 978-86-82183-05-1<\/p>\n","protected":false},"excerpt":{"rendered":"<p>\u0110uro Kutla\u010da, Lazar \u017divkovi\u0107, Dijana \u0160trbac, Du\u0161ica Semen\u010denko, Sanja Popovi\u0107-Panti\u0107: ICT Case Study in Serbia: Report on the innovation potential of the software industry in Serbia, Publisher: Institut Mihajlo Pupin, Science and Technology Policy Research Center, Belgrade, 2018 More information Du\u0161ica Semen\u010denko, \u0110uro Kutla\u010da: Shaping National Innovation System in Small, Transitional Economy-Case of Serbia, Publisher: [&hellip;]<\/p>\n","protected":false},"author":1,"featured_media":0,"parent":0,"menu_order":0,"comment_status":"closed","ping_status":"open","template":"","meta":{"footnotes":""},"class_list":["post-879","page","type-page","status-publish","hentry"],"_links":{"self":[{"href":"https:\/\/www.pupin.rs\/cirnt\/wp-json\/wp\/v2\/pages\/879","targetHints":{"allow":["GET"]}}],"collection":[{"href":"https:\/\/www.pupin.rs\/cirnt\/wp-json\/wp\/v2\/pages"}],"about":[{"href":"https:\/\/www.pupin.rs\/cirnt\/wp-json\/wp\/v2\/types\/page"}],"author":[{"embeddable":true,"href":"https:\/\/www.pupin.rs\/cirnt\/wp-json\/wp\/v2\/users\/1"}],"replies":[{"embeddable":true,"href":"https:\/\/www.pupin.rs\/cirnt\/wp-json\/wp\/v2\/comments?post=879"}],"version-history":[{"count":9,"href":"https:\/\/www.pupin.rs\/cirnt\/wp-json\/wp\/v2\/pages\/879\/revisions"}],"predecessor-version":[{"id":1201,"href":"https:\/\/www.pupin.rs\/cirnt\/wp-json\/wp\/v2\/pages\/879\/revisions\/1201"}],"wp:attachment":[{"href":"https:\/\/www.pupin.rs\/cirnt\/wp-json\/wp\/v2\/media?parent=879"}],"curies":[{"name":"wp","href":"https:\/\/api.w.org\/{rel}","templated":true}]}}