{"id":26,"date":"2012-12-20T11:01:12","date_gmt":"2012-12-20T11:01:12","guid":{"rendered":"http:\/\/www.pupin.rs\/cirnt\/?page_id=26"},"modified":"2025-12-25T13:49:06","modified_gmt":"2025-12-25T12:49:06","slug":"tehnologija-kultura-i-razvoj","status":"publish","type":"page","link":"https:\/\/www.pupin.rs\/cirnt\/tehnologija-kultura-i-razvoj\/","title":{"rendered":"Tehnologija kultura i razvoj"},"content":{"rendered":"<p>Saradnici Centra za istra\u017eivanje razvoja nauke i tehnologije \u2013 po\u010dev od 80-ih godina XX veka,\u00a0 sistematizovano istra\u017euju razvoj nauke i tehnologije i politike nau\u010dnog i tehnolo\u0161kog razvoja. Tokom dugogodi\u0161njih istra\u017eivanja sazrevali su nalazi o dubokoj, makoliko skrivenoj povezanosti i jakoj, makoliko te\u0161ko uhvatljivoj, interakciji nauke, tehnologije i kulture.<\/p>\n<p>Istra\u017eiva\u010dki rezultati su veoma jasno ukazivali na klju\u010dnu ulogu koju je igrala kultura u svim (ne)modernizacijskim procesima na na\u0161em prostoru. Ovi i drugi rezultati i hipoteza da \u0107e kultura na ovom prostoru veoma odre\u0111ivati stil, tip, dinamiku i efekte kako tehnolo\u0161kog tako i op\u0161teg razvoja, su nametnuli potrebu jednog okupljanja istra\u017eiva\u010da i drugih zainteresovanih koje bi podr\u017ealo postoje\u0107a i podstaklo nova istra\u017eivanja interakcija kulture, tehnologija i razvoja.<\/p>\n<p>Po\u0161to je u pitanju pravo interdisciplnarano i multidisciplinarano istra\u017eivanje, mislilo se da bi nau\u010dni skup bio dobar na\u010din da se na\u0111u zajedno in\u017eenjeri, istra\u017eiva\u010di u prirodnim naukama, sociolozi, ekonomisti, filozofi, antropolozi, istori\u010dari i drugi i da poku\u0161aju da se me\u0111usobno razumeju, da shvataju\u0107i nalaze drugih disciplina obogate svoju i da, mo\u017eda, uspeju da pokrenu istra\u017eiva\u010dke projekte, uspostave nove mre\u017ee istra\u017eiva\u010da, razviju baze podataka itsl. A sve sa ciljem da se bolje razume taj veoma slo\u017eeni odnos tehnolo\u0161kog i kulturnog razvoja i njihova veza sa integralnim razvojem na na\u0161em prostoru.<\/p>\n<p>Ovim namerama je veoma pomogla 140. godi\u0161njica ro\u0111enja Mihajla Pupina po\u0161to je Upravni odbor Instituta \"Mihajlo Pupin\" odlu\u010dio da bi proslava ove godi\u0161njice bila znatno sardr\u017eajnija ako bi jedna od njenih manifestacija postala trajna. Tako je odlu\u010deno da Institut \"Mihajlo Pupin\" svake godine, zajedno sa drugim nau\u010dnim organizacijama, uprili\u010di nau\u010dni skup <b>\"Tehnologija, Kultura i Razvoj\", <\/b>uvek sa posebnom osnovnom temom. Ve\u0107 slede\u0107e godine, 1995. Institutu se pridru\u017euje Elektrotehni\u010dki fakultet iz Podgorice, 1996. Ekonomski fakultet iz Subotice. Od 2000. godine Udru\u017eenje \u00bbTehnologija i dru\u0161tvo\u00ab je glavni nosilac organizacionih i aktivnosti TKR.<\/p>\n<p style=\"padding-left: 30px;\"><strong>I Nau\u010dni skup<\/strong> \"Tehnologija, kultura i razvoj\",<br \/>\nMe\u0111uzavisnosti tehnologije, kulture i razvoja: teorijski modeli i istorijska evidencija, Beograd, 1994.<\/p>\n<p style=\"padding-left: 30px;\"><strong>II Nau\u010dni skup<\/strong> \"Tehnologija, kultura i razvoj\",<br \/>\nEti\u010dki problemi nauke, tehnologije i razvoja Igalo - Herceg Novi, 1995.<\/p>\n<p style=\"padding-left: 30px;\"><strong>III Nau\u010dni skup<\/strong> \"Tehnologija, kultura i razvoj\", Obrazovanje za uravnote\u017eeni kulturni i tehnolo\u0161ki razvoj pojedinca i dru\u0161tva, \u00a0Pali\u0107, 1996.<\/p>\n<p style=\"padding-left: 30px;\"><strong>IV Nau\u010dni skup<\/strong> \"Tehnologija, kultura i razvoj\", Razvojne specifi\u010dnosti malih zemalja, \u00a0Igalo - Herceg Novi, 1997.<\/p>\n<p style=\"padding-left: 30px;\"><strong>V Nau\u010dni skup<\/strong> \"Tehnologija, kultura i razvoj\", Dosada\u0161nja iskustva i pretpostavke za dobru nau\u010dnu, tehnolo\u0161ku i razvojnu politiku u SR Jugoslaviji, \u00a0Pali\u0107, 1998.<\/p>\n<p style=\"padding-left: 30px;\"><strong>VI Nau\u010dni skup<\/strong> \"Tehnologija, kultura i razvoj\",<br \/>\nNauka, tehnologija i kultura pred izazovima blokiranog razvoja, sa posebnim osvrtom na SR Jugoslaviju, \u00a0Igalo - Herceg Novi, 1999.<\/p>\n<p style=\"padding-left: 30px;\"><strong>VII Nau\u010dni skup<\/strong> \"Tehnologija, kultura i razvoj\", Isku\u0161enja i pouke XX veka: nauka, tehnologija i kultura u znaku Janusa, sa posebnim osvrtom na jugoslovenski<br \/>\nistorijski prostor, \u00a0Pali\u0107, 2000.<\/p>\n<p style=\"padding-left: 30px;\"><strong>VIII Nau\u010dni skup<\/strong> \"Tehnologija, kultura i razvoj\", Tema A skupa:<br \/>\nGlobalno i lokalno u tehnolo\u0161kom i kulturnom razvoju: Jugoslavija u evropskom i bli\u017eem okru\u017eenju Tema B skupa: Modernizacija univerzitetskog obrazovanja u Jugoslaviji, \u00a0Kotor, 2001.<\/p>\n<p style=\"padding-left: 30px;\"><strong>IX Nau\u010dni skup<\/strong> \"Tehnologija, kultura i razvoj\",<br \/>\nOsnovna tema skupa (A): Kulturne i tehnolo\u0161ke determinante kvaliteta proizvoda, usluga, rada i \u017eivota u Srbiji i Crnoj Gori Posebna tema skupa (B): Mogu\u0107nosti i putevi dostizanja konkurentnog kvaliteta proizvoda agroindustrije Srbije i Crne Gore, Pali\u0107, 2002.<\/p>\n<p style=\"padding-left: 30px;\"><strong>X Nau\u010dni skup <\/strong>\"Tehnologija, kultura i razvoj\",<br \/>\nOsnovna tema skupa (A): Konkurentnost privrede i kompetetnost institucija<br \/>\nPosebna tema skupa (B): Strategija razvoja sistema vi\u0161ih \u0161kola, <strong>\u00a0<\/strong>Herceg Novi, 2003.<br \/>\n<a href=\"https:\/\/www.pupin.rs\/cirnt\/wp-content\/zbornici\/X.pdf\" target=\"_blank\" rel=\"noopener noreferrer\">Vi\u0161e detalja:\u00a0 <img loading=\"lazy\" decoding=\"async\" src=\"https:\/\/www.pupin.rs\/cirnt\/wp-content\/uploads\/2012\/12\/pdf1.png\" alt=\"pdf\" width=\"16\" height=\"16\" \/><\/a><br \/>\n<b><br \/>\n<\/b><strong>XI Nau\u010dni skup<\/strong> \"Tehnologija, kultura i razvoj\",<br \/>\nKontekst skupaSrbija i Crna Gora na putu ka <em>Evropskoj uniji<\/em><br \/>\nTema skupa \"Razvoj kooperativne kompetentne privrede i kooperativnog dru\u0161tva u Srbiji i Crnoj Gori: stanje, mogu\u0107nosti i strategije \", Pali\u0107 2004.<br \/>\n<a href=\"https:\/\/www.pupin.rs\/cirnt\/wp-content\/zbornici\/XI.pdf\" target=\"_blank\" rel=\"noopener noreferrer\">Vi\u0161e detalja:\u00a0 <img loading=\"lazy\" decoding=\"async\" src=\"https:\/\/www.pupin.rs\/cirnt\/wp-content\/uploads\/2012\/12\/pdf1.png\" alt=\"pdf\" width=\"16\" height=\"16\" \/><\/a><\/p>\n<p style=\"padding-left: 30px;\"><strong>XII Nau\u010dni skup<\/strong> \"Tehnologija, kultura i razvoj\",<br \/>\nKontekst skupa Srbija i Crna Gora na putu ka <em>Evropskoj uniji<\/em><br \/>\nTema skupa \" Inovativnost privrede i dru\u0161tva u Srbiji i Crnoj Gori: stanje, izgledi i strategije\", Tivat 2005<br \/>\n<a href=\"https:\/\/www.pupin.rs\/cirnt\/wp-content\/zbornici\/XII.pdf\" target=\"_blank\" rel=\"noopener noreferrer\">Vi\u0161e detalja:\u00a0 <img loading=\"lazy\" decoding=\"async\" src=\"https:\/\/www.pupin.rs\/cirnt\/wp-content\/uploads\/2012\/12\/pdf1.png\" alt=\"pdf\" width=\"16\" height=\"16\" \/><\/a><\/p>\n<p style=\"padding-left: 30px;\"><strong>XIII Nau\u010dni skup<\/strong> \"Tehnologija, kultura i razvoj\",<br \/>\nKontekst skupa Srbija i Crna Gora na putu ka <em>Evropskoj uniji<\/em><br \/>\nTema skupa \" Klju\u010dne determinante i kvalitet organizovanosti dru\u0161tva i privrede u Srbiji i Crnoj Gori: stanje, perspektive i strategije razvoja\u201c, Pali\u0107 2006.<br \/>\n<a href=\"https:\/\/www.pupin.rs\/cirnt\/wp-content\/zbornici\/XIII.pdf\" target=\"_blank\" rel=\"noopener noreferrer\">Vi\u0161e detalja:\u00a0 <img loading=\"lazy\" decoding=\"async\" src=\"https:\/\/www.pupin.rs\/cirnt\/wp-content\/uploads\/2012\/12\/pdf1.png\" alt=\"pdf\" width=\"16\" height=\"16\" \/><\/a><\/p>\n<p style=\"padding-left: 30px;\"><strong>XIV Nau\u010dni skup<\/strong> \"Tehnologija, kultura i razvoj\",<br \/>\nKontekst skupa Zapadni Balkan na putu ka <em>Evropskoj uniji<\/em><br \/>\nTema skupa: \"Gde smo i kuda idemo: ka centru ili periferiji EU\", Igalo 2007.<br \/>\n<a href=\"https:\/\/www.pupin.rs\/cirnt\/wp-content\/zbornici\/XIV.pdf\" target=\"_blank\" rel=\"noopener noreferrer\">Vi\u0161e detalja:\u00a0 <img loading=\"lazy\" decoding=\"async\" src=\"https:\/\/www.pupin.rs\/cirnt\/wp-content\/uploads\/2012\/12\/pdf1.png\" alt=\"pdf\" width=\"16\" height=\"16\" \/><\/a><\/p>\n<p style=\"padding-left: 30px;\"><strong>XV Nau\u010dni skup<\/strong> \"Tehnologija, kultura i razvoj\",<br \/>\nKontekst skupa:\u00a0 Zapadni Balkan na putu ka <em>Evropskoj uniji<\/em><br \/>\nTema skupa: \u201cKorupcija, kriminarl i ki\u010d\u201d, Pali\u0107 2008.<br \/>\n<a href=\"https:\/\/www.pupin.rs\/cirnt\/wp-content\/zbornici\/XV.pdf\" target=\"_blank\" rel=\"noopener noreferrer\">Vi\u0161e detalja:\u00a0 <img loading=\"lazy\" decoding=\"async\" src=\"https:\/\/www.pupin.rs\/cirnt\/wp-content\/uploads\/2012\/12\/pdf1.png\" alt=\"pdf\" width=\"16\" height=\"16\" \/><\/a><\/p>\n<p style=\"padding-left: 30px;\"><strong>XVI Nau\u010dni skup<\/strong> \"Tehnologija, kultura i razvoj\",<br \/>\nZapadni Balkan na putu ka <em>Evropskoj uniji<\/em><br \/>\nPrva tema skupa: \"Institucionalni sistem - stanje, posledice i mogu\u0107e strategije razvoja\"<br \/>\nDruga tema skupa: \"Efektivnost istra\u017eiva\u010dkog i inovacionog sistema - stanje, posledice i politike pove\u0107anja efektivnosti\", Pali\u0107, 2009. godine<br \/>\n<a href=\"https:\/\/www.pupin.rs\/cirnt\/wp-content\/zbornici\/XVI.pdf\" target=\"_blank\" rel=\"noopener noreferrer\">Vi\u0161e detalja:\u00a0 <img loading=\"lazy\" decoding=\"async\" src=\"https:\/\/www.pupin.rs\/cirnt\/wp-content\/uploads\/2012\/12\/pdf1.png\" alt=\"pdf\" width=\"16\" height=\"16\" \/><\/a><\/p>\n<p style=\"padding-left: 30px;\"><strong>XVII Nau\u010dni skup<\/strong> \"Tehnologija, kultura i razvoj\",<br \/>\nKontekst skupa: \"Zapadni Balkan na putu ka <em>Evropskoj uniji<\/em>\"<br \/>\nPrva tema skupa: \"Visoko i do\u017eivotno obrazovanje:stanje, posledice i mogu\u0107e strategije razvoja\"<br \/>\nDruga tema skupa: \"Vrednovanje znanja i za\u0161tite intelektualne svojine u zemljama Zapadnog Balkana\", Tivat, 2010. godine<br \/>\n<a href=\"https:\/\/www.pupin.rs\/cirnt\/wp-content\/zbornici\/XVII.pdf\" target=\"_blank\" rel=\"noopener noreferrer\">Vi\u0161e detalja:\u00a0 <img loading=\"lazy\" decoding=\"async\" src=\"https:\/\/www.pupin.rs\/cirnt\/wp-content\/uploads\/2012\/12\/pdf1.png\" alt=\"pdf\" width=\"16\" height=\"16\" \/><\/a><\/p>\n<p style=\"padding-left: 30px;\"><strong>XVIII Nau\u010dni skup<\/strong> \"Tehnologija, kultura i razvoj\",<br \/>\nKontekst skupa: \"Zapadni Balkan na putu ka<em> Evropskoj uniji<\/em>\"<br \/>\nPrva tema skupa: \"Saradnja istra\u017eiva\u010dkih i inovacionih sistema i institucija na Zapadnom Balkanu \u2013 izazovi, prilike i ideje za saradnju\"<br \/>\nDruga tema skupa: \"Strukturni i kulturni problemi razvoja zasnovanog na znanju\", Pali\u0107, 2011. godine<br \/>\n<a href=\"https:\/\/www.pupin.rs\/cirnt\/wp-content\/zbornici\/XVIII.pdf\" target=\"_blank\" rel=\"noopener noreferrer\">Vi\u0161e detalja:\u00a0 <img loading=\"lazy\" decoding=\"async\" src=\"https:\/\/www.pupin.rs\/cirnt\/wp-content\/uploads\/2012\/12\/pdf1.png\" alt=\"pdf\" width=\"16\" height=\"16\" \/><\/a><\/p>\n<p style=\"padding-left: 30px;\"><strong>XIX Nau\u010dni skup<\/strong> \"Tehnologija, kultura i razvoj\",<br \/>\nKontekst skupa: \"Zapadni Balkan na putu ka <em>Evropskoj uniji<\/em>\"<br \/>\nPrva tema skupa: \"Dru\u0161tva i ekonomije Balkana 2020: vizije i mehanizmi razvoja privrede, obrazovanja, istra\u017eivanja i kulture\"<br \/>\nDruga tema skupa: \"Razvoj zasnovan na znanju: ekonomske, organizacione i institucionalne osobenosti\", Tivat, 2012. godine<br \/>\n<a href=\"https:\/\/www.pupin.rs\/cirnt\/wp-content\/zbornici\/zbornik_XIX.pdf\" target=\"_blank\" rel=\"noopener noreferrer\">Vi\u0161e detalja:\u00a0 <img loading=\"lazy\" decoding=\"async\" class=\"alignnone size-full wp-image-496\" src=\"https:\/\/www.pupin.rs\/cirnt\/wp-content\/uploads\/2012\/12\/pdf1.png\" alt=\"pdf\" width=\"16\" height=\"16\" \/><\/a><\/p>\n<p style=\"padding-left: 30px;\"><strong>XX Nau\u010dni skup<\/strong> \"Tehnologija, kultura i razvoj\",<br \/>\nKontekst skupa: \"Zapadni Balkan na putu ka <em>Evropskoj uniji<\/em>\"<br \/>\nPrva tema skupa: \"Dru\u0161tva i ekonomije Balkana 2020: vizije i mehanizmi razvoja privrede, obrazovanja, istra\u017eivanja i kulture\"<br \/>\nDruga tema skupa: \"Razvoj zasnovan na znanju: ekonomske, organizacione i institucionalne osobenosti\", Pali\u0107, 2013. godine<br \/>\n<a href=\"https:\/\/www.pupin.rs\/cirnt\/wp-content\/zbornici\/XX.pdf\" target=\"_blank\" rel=\"noopener noreferrer\">Vi\u0161e detalja: <img loading=\"lazy\" decoding=\"async\" class=\"alignnone size-full wp-image-496\" src=\"https:\/\/www.pupin.rs\/cirnt\/wp-content\/uploads\/2012\/12\/pdf1.png\" alt=\"pdf\" width=\"16\" height=\"16\" \/><\/a><\/p>\n<p style=\"padding-left: 30px;\"><strong>XXI Nau\u010dni skup<\/strong> \"Tehnologija, kultura i razvoj\",<br \/>\nKontekst skupa: \"Zapadni Balkan na putu ka <em>Evropskoj uniji<\/em>\"<br \/>\nPrva tema skupa: \"Tehnologija i preduzetni\u0161tvo za odr\u017eivi razvoj\"<br \/>\nDruga tema skupa: \"Razvoj zasnovan na znanju: preduzetni\u0161tvo u obrazovnom i istra\u017eiva\u010dkom sistemu\", Tivat, 2014. godine<br \/>\n<a href=\"https:\/\/www.pupin.rs\/cirnt\/wp-content\/uploads\/2012\/12\/ZbornikRadovaTKR21.pdf\" target=\"_blank\" rel=\"noopener noreferrer\">Vi\u0161e detalja: <img loading=\"lazy\" decoding=\"async\" src=\"https:\/\/www.pupin.rs\/cirnt\/wp-content\/uploads\/2012\/12\/pdf1.png\" alt=\"pdf\" width=\"16\" height=\"16\" \/><\/a><\/p>\n<p style=\"padding-left: 30px;\"><strong>XXII Nau\u010dni skup<\/strong> \"Tehnologija, kultura i razvoj\",<br \/>\nKontekst skupa: \"Zapadni Balkan na putu ka <em>Evropskoj uniji<\/em>\"<br \/>\nPrva tema skupa: \"Modeli, strategije i mehanizmi odr\u017eivog razvoja manjih zemalja u tranziciji\"<br \/>\nDruga tema skupa: \"Putevi osiguranja visokog kvaliteta ishoda obrazovanja\"<br \/>\nTre\u0107a tema skupa: \"Energetske tehnologije u odr\u017eivom snabdevanju energijom \u2013 ekonomske, ekolo\u0161ke, politi\u010dke i druge strate\u0161ke implikacije\", Pali\u0107, 2015.<br \/>\n<a href=\"https:\/\/www.pupin.rs\/cirnt\/wp-content\/uploads\/2012\/12\/Zbornik-radova-TKR2015.pdf\" target=\"_blank\" rel=\"noopener noreferrer\">Vi\u0161e detalja: <img loading=\"lazy\" decoding=\"async\" src=\"https:\/\/www.pupin.rs\/cirnt\/wp-content\/uploads\/2012\/12\/pdf1.png\" alt=\"pdf\" width=\"16\" height=\"16\" \/><\/a><\/p>\n<p style=\"padding-left: 30px;\"><strong>XXIII Nau\u010dni skup<\/strong>\u00a0\u201eTehnologija, kultura i razvoj\u201c<br \/>\nPrva tema skupa: \"Nova biotehnologija \u2013 op\u0161terazvojne, ekonomske, ekolo\u0161ke, politi\u010dke, eti\u010dke i druge strate\u0161ke implikacije \"<br \/>\nDruga tema skupa: \"Po\u017eeljna i mogu\u0107a razvojna specijalizacija zemalja Zapadnog Balkana\"<br \/>\nTre\u0107a tema skupa: \"Obrazovanje in\u017eenjera\", Tivat, 2016.<br \/>\n<a href=\"https:\/\/www.pupin.rs\/cirnt\/wp-content\/uploads\/2017\/03\/zbornik-23-3.pdf\" target=\"_blank\" rel=\"noopener noreferrer\">Vi\u0161e detalja:<img loading=\"lazy\" decoding=\"async\" src=\"https:\/\/www.pupin.rs\/cirnt\/wp-content\/uploads\/2012\/12\/pdf1.png\" alt=\"pdf\" width=\"16\" height=\"16\" \/><\/a><\/p>\n<p style=\"padding-left: 30px;\"><strong>XXIV Nau\u010dni skup<\/strong> \u201eTehnologija, kultura i razvoj\u201c<br \/>\nPrva tema skupa: Razvojni\u00a0 aspekti za\u0161tite intelektualne svojine<br \/>\nDruga tema skupa:\u00a0 Obrazovanje in\u017eenjera - teku\u0107e stanje i klju\u010dni problemi u zemljama Zapadnog Balkana<br \/>\nTre\u0107a tema skupa: Razvojne specijalizacije Srbije i zemalja Zapadnog Balkana, Beograd,2017.<br \/>\n<a href=\"https:\/\/www.pupin.rs\/cirnt\/wp-content\/uploads\/2018\/02\/tkr24-zbornik-f.pdf\">Vi\u0161e detalja:<img loading=\"lazy\" decoding=\"async\" src=\"https:\/\/www.pupin.rs\/cirnt\/wp-content\/uploads\/2012\/12\/pdf1.png\" alt=\"pdf\" width=\"16\" height=\"16\" \/><\/a><\/p>\n<p style=\"padding-left: 30px;\"><strong>XXV Nau\u010dni skup<\/strong> \u201eTehnologija, kultura i razvoj\u201c<br \/>\nPrva tema skupa: Obrazovanje in\u017eenjera \u2013 teku\u0107e stanje i klju\u010dni problemi u zemljama Zapadnog Balkana<br \/>\nDruga tema skupa:\u00a0 Po\u017eeljna i mogu\u0107a razvojna specijalizacija Srbije i zemalja Zapadnog Balkana, Tivat, 2018.<br \/>\n<a href=\"https:\/\/www.pupin.rs\/cirnt\/wp-content\/uploads\/2019\/04\/zbornik-tkr25-f.pdf\">Vi\u0161e detalja:<img loading=\"lazy\" decoding=\"async\" src=\"https:\/\/www.pupin.rs\/cirnt\/wp-content\/uploads\/2012\/12\/pdf1.png\" alt=\"pdf\" width=\"16\" height=\"16\" \/><\/a><\/p>\n<p style=\"padding-left: 30px;\"><strong>XXVI Nau\u010dni skup<\/strong> \u201eTehnologija, kultura i razvoj\u201c<br \/>\nPrva tema skupa: Po\u017eeljna i mogu\u0107a razvojna specijalizacija zemalja Zapadnog Balkana - uticaj dru\u0161tvenih, kulturolo\u0161kih i tehnolo\u0161kih faktora<br \/>\nDruga tema skupa:\u00a0 Obrazovanje in\u017eenjera, Beograd,2019.<\/p>\n<p style=\"padding-left: 30px;\">PREGLED osnovnih tema skupa i naslova radova objavljenih u zbornicima nau\u010dnih skupova Tehnologija, kultura i razvoj 1994.-2018.<br \/>\n<a href=\"https:\/\/www.pupin.rs\/cirnt\/wp-content\/uploads\/2019\/12\/Pregled-zbornika-radova-TKR-94-018.pdf\">Vi\u0161e detalja:<img loading=\"lazy\" decoding=\"async\" src=\"https:\/\/www.pupin.rs\/cirnt\/wp-content\/uploads\/2012\/12\/pdf1.png\" alt=\"pdf\" width=\"16\" height=\"16\" \/><\/a><\/p>\n<p style=\"padding-left: 30px;\">Zbornik radova TKR 25-26 <a href=\"https:\/\/www.pupin.rs\/cirnt\/wp-content\/uploads\/2020\/05\/zbronik-tkr25-26.pdf\"><img loading=\"lazy\" decoding=\"async\" class=\"size-full wp-image-496 alignnone\" src=\"https:\/\/www.pupin.rs\/cirnt\/wp-content\/uploads\/2012\/12\/pdf1.png\" alt=\"\" width=\"16\" height=\"16\" \/><\/a><\/p>\n<p style=\"padding-left: 30px;\">Zbornik radova TKR 25 <a href=\"https:\/\/www.pupin.rs\/cirnt\/wp-content\/uploads\/2020\/05\/TKR-26-cir.pdf\"><img loading=\"lazy\" decoding=\"async\" class=\"size-full wp-image-362 alignnone\" src=\"https:\/\/www.pupin.rs\/cirnt\/wp-content\/uploads\/2012\/12\/pdf.png\" alt=\"\" width=\"16\" height=\"16\" \/><\/a><\/p>\n<p style=\"padding-left: 30px;\"><strong>XXVII Nau\u010dni skup<\/strong>\u00a0\u201eTehnologija, kultura i razvoj\u201c<br \/>\nPrva tema skupa: Uticaj pandemije COVID-19 na razli\u010dite dru\u0161tvene, tehnolo\u0161ke i privredne aspekte i promi\u0161ljanje razvoja<br \/>\nDruga tema skupa: Po\u017eeljna i mogu\u0107a razvojna specijalizacija zemalja Zapadnog Balkana \u2013 uticaj dru\u0161tvenih, kulturolo\u0161kih i tehnolo\u0161kih faktora, Beograd,2020.<br \/>\n<a href=\"https:\/\/www.pupin.rs\/cirnt\/wp-content\/uploads\/2021\/04\/Zbornik-TKR-27.pdf\" target=\"_blank\" rel=\"noopener noreferrer\">Vi\u0161e detalja:<img loading=\"lazy\" decoding=\"async\" src=\"https:\/\/www.pupin.rs\/cirnt\/wp-content\/uploads\/2012\/12\/pdf1.png\" alt=\"pdf\" width=\"16\" height=\"16\" \/><\/a><\/p>\n<p style=\"padding-left: 30px;\"><strong>XXVIII Nau\u010dni skup<\/strong> \u201eTehnologija, kultura i razvoj\u201c<br \/>\nPrva tema skupa: Po\u017eeljna i mogu\u0107a razvojna specijalizacija zemalja Zapadnog Balkana \u2013 uticaj dru\u0161tvenih, kulturolo\u0161kih i tehnolo\u0161kih faktora<br \/>\nDruga tema skupa: Po\u017eeljan i mogu\u0107 dugoro\u010dan razvoj Crne Gore<br \/>\nTre\u0107a tema skupa: Op\u0161te teme skupa<br \/>\nZbornik radova TKR 28<a href=\"https:\/\/www.pupin.rs\/cirnt\/wp-content\/uploads\/2022\/05\/Zbornik-TKR28-f.pdf\" target=\"_blank\" rel=\"noopener noreferrer\"><img loading=\"lazy\" decoding=\"async\" src=\"https:\/\/www.pupin.rs\/cirnt\/wp-content\/uploads\/2012\/12\/pdf1.png\" alt=\"pdf\" width=\"16\" height=\"16\" \/><\/a><\/p>\n<p style=\"padding-left: 30px;\"><strong>XXIX Nau\u010dni skup<\/strong> \u201eTehnologija, kultura i razvoj\u201c<br \/>\nPrva tema skupa: Revitalizacija agrara u brdskim podru\u010djima Zapadnog Balkana (sto\u010darstvo, mlekarstvo, ratarstvo, lekovito bilje)<br \/>\nDruga tema skupa: Razvoj zasnovan na znanju i strategije pametne specijalizacije zemalja Zapadnog Balkana - Primena koncepta odgovornog istra\u017eivanja i inovacija<br \/>\nTre\u0107a tema skupa: Op\u0161te teme skupa, Tivat, Crna Gora, 2022<br \/>\nZbornik radova TKR 29<a href=\"https:\/\/www.pupin.rs\/cirnt\/wp-content\/uploads\/2023\/03\/TKR29-zbornik-final_print_fajl.pdf\" target=\"_blank\" rel=\"noopener noreferrer\"><img loading=\"lazy\" decoding=\"async\" src=\"https:\/\/www.pupin.rs\/cirnt\/wp-content\/uploads\/2012\/12\/pdf1.png\" alt=\"pdf\" width=\"16\" height=\"16\" \/><\/a><\/p>\n<p style=\"padding-left: 30px;\"><strong>XXX Nau\u010dni skup<\/strong> \u201eTehnologija, kultura i razvoj\u201c<br \/>\nPrva tema skupa: Integralni i odr\u017eivi razvoj brdskog i planinskog podru\u010dja Zapadnog Balkana<br \/>\nDruga tema skupa: Razvoj zasnovan na znanju i strategije pametne specijalizacije zemalja Zapadnog Balkana<br \/>\nTre\u0107a tema skupa: Op\u0161te teme skupa, Tivat, Crna Gora, 2023.<br \/>\nZbornik radova TKR 30<a href=\"https:\/\/www.pupin.rs\/cirnt\/wp-content\/uploads\/2024\/03\/TKR30-zbornik-final-2.pdf\" target=\"_blank\" rel=\"noopener noreferrer\"><img loading=\"lazy\" decoding=\"async\" src=\"https:\/\/www.pupin.rs\/cirnt\/wp-content\/uploads\/2012\/12\/pdf1.png\" alt=\"pdf\" width=\"16\" height=\"16\" \/><\/a><\/p>\n","protected":false},"excerpt":{"rendered":"<p>Saradnici Centra za istra\u017eivanje razvoja nauke i tehnologije \u2013 po\u010dev od 80-ih godina XX veka,\u00a0 sistematizovano istra\u017euju razvoj nauke i tehnologije i politike nau\u010dnog i tehnolo\u0161kog razvoja. Tokom dugogodi\u0161njih istra\u017eivanja sazrevali su nalazi o dubokoj, makoliko skrivenoj povezanosti i jakoj, makoliko te\u0161ko uhvatljivoj, interakciji nauke, tehnologije i kulture. Istra\u017eiva\u010dki rezultati su veoma jasno ukazivali na [&hellip;]<\/p>\n","protected":false},"author":1,"featured_media":275,"parent":0,"menu_order":0,"comment_status":"closed","ping_status":"open","template":"","meta":{"footnotes":""},"class_list":["post-26","page","type-page","status-publish","has-post-thumbnail","hentry"],"_links":{"self":[{"href":"https:\/\/www.pupin.rs\/cirnt\/wp-json\/wp\/v2\/pages\/26","targetHints":{"allow":["GET"]}}],"collection":[{"href":"https:\/\/www.pupin.rs\/cirnt\/wp-json\/wp\/v2\/pages"}],"about":[{"href":"https:\/\/www.pupin.rs\/cirnt\/wp-json\/wp\/v2\/types\/page"}],"author":[{"embeddable":true,"href":"https:\/\/www.pupin.rs\/cirnt\/wp-json\/wp\/v2\/users\/1"}],"replies":[{"embeddable":true,"href":"https:\/\/www.pupin.rs\/cirnt\/wp-json\/wp\/v2\/comments?post=26"}],"version-history":[{"count":40,"href":"https:\/\/www.pupin.rs\/cirnt\/wp-json\/wp\/v2\/pages\/26\/revisions"}],"predecessor-version":[{"id":1683,"href":"https:\/\/www.pupin.rs\/cirnt\/wp-json\/wp\/v2\/pages\/26\/revisions\/1683"}],"wp:featuredmedia":[{"embeddable":true,"href":"https:\/\/www.pupin.rs\/cirnt\/wp-json\/wp\/v2\/media\/275"}],"wp:attachment":[{"href":"https:\/\/www.pupin.rs\/cirnt\/wp-json\/wp\/v2\/media?parent=26"}],"curies":[{"name":"wp","href":"https:\/\/api.w.org\/{rel}","templated":true}]}}